{"id":24,"date":"2024-10-28T17:28:48","date_gmt":"2024-10-28T14:28:48","guid":{"rendered":"https:\/\/inhouse.agency\/solnew\/?page_id=24"},"modified":"2024-12-03T21:09:57","modified_gmt":"2024-12-03T18:09:57","slug":"news","status":"publish","type":"page","link":"https:\/\/www.solares.com.tr\/en\/news\/","title":{"rendered":"News"},"content":{"rendered":"\n<style type=\"text\/css\" data-created_by=\"avia_inline_auto\" id=\"style-css-av-m2wkw87r-7bfbd02ff9dd67ce577f97c1a1dfbe2c\">\n.avia-section.av-m2wkw87r-7bfbd02ff9dd67ce577f97c1a1dfbe2c{\nbackground-color:#f5f5f5;\nbackground-image:unset;\n}\n<\/style>\n<div id='av_section_1'  class='avia-section av-m2wkw87r-7bfbd02ff9dd67ce577f97c1a1dfbe2c main_color avia-section-default avia-no-border-styling  avia-builder-el-0  avia-builder-el-no-sibling  avia-bg-style-scroll container_wrap fullsize'  ><div class='container av-section-cont-open' ><main  role=\"main\" itemprop=\"mainContentOfPage\"  class='template-page content  av-content-full alpha units'><div class='post-entry post-entry-type-page post-entry-24'><div class='entry-content-wrapper clearfix'>\n<div  class='flex_column av-1hbrj-6fb003419cfeffa05b2cebff1871dac5 av_one_full  avia-builder-el-1  avia-builder-el-no-sibling  first flex_column_div  '     ><div  data-slideshow-options=\"{&quot;animation&quot;:&quot;fade&quot;,&quot;autoplay&quot;:false,&quot;loop_autoplay&quot;:&quot;once&quot;,&quot;interval&quot;:5,&quot;loop_manual&quot;:&quot;manual-endless&quot;,&quot;autoplay_stopper&quot;:false,&quot;noNavigation&quot;:false,&quot;show_slide_delay&quot;:90}\" class='avia-content-slider avia-content-grid-active avia-content-slider1 avia-content-slider-odd  avia-builder-el-2  avia-builder-el-no-sibling  av-slideshow-ui av-control-default   av-no-slider-navigation av-slideshow-manual av-loop-once av-loop-manual-endless '  itemscope=\"itemscope\" itemtype=\"https:\/\/schema.org\/Blog\" ><div class=\"avia-content-slider-inner\"><div class=\"slide-entry-wrap\"><article class='slide-entry flex_column  post-entry post-entry-189 slide-entry-overview slide-loop-1 slide-parity-odd  post-entry-last  av_one_third first real-thumbnail posttype-post post-format-standard'  itemscope=\"itemscope\" itemtype=\"https:\/\/schema.org\/CreativeWork\" ><a href='https:\/\/www.solares.com.tr\/en\/2009un-en-iyi-uretici-odulu-solaresin\/' data-rel='slide-1' class='slide-image' title='2009\u2019un En \u0130yi \u00dcretici \u00d6d\u00fcl\u00fc Solares\u2019in'><img decoding=\"async\" loading=\"lazy\" width=\"300\" height=\"300\" src=\"https:\/\/www.solares.com.tr\/en\/wp-content\/uploads\/2024\/10\/logo-novonordisk-300x300.gif\" class=\"wp-image-157 avia-img-lazy-loading-157 attachment-medium size-medium wp-post-image\" alt=\"\" srcset=\"https:\/\/www.solares.com.tr\/en\/wp-content\/uploads\/2024\/10\/logo-novonordisk-300x300.gif 300w, https:\/\/www.solares.com.tr\/en\/wp-content\/uploads\/2024\/10\/logo-novonordisk-80x80.gif 80w, https:\/\/www.solares.com.tr\/en\/wp-content\/uploads\/2024\/10\/logo-novonordisk-36x36.gif 36w, https:\/\/www.solares.com.tr\/en\/wp-content\/uploads\/2024\/10\/logo-novonordisk-180x180.gif 180w\" sizes=\"auto, (max-width: 300px) 100vw, 300px\" \/><\/a><div class=\"slide-content\"><header class=\"entry-content-header\" aria-label=\"Slide: 2009\u2019un En \u0130yi \u00dcretici \u00d6d\u00fcl\u00fc Solares\u2019in\"><h3 class='slide-entry-title entry-title '  itemprop=\"headline\" ><a href='https:\/\/www.solares.com.tr\/en\/2009un-en-iyi-uretici-odulu-solaresin\/' title='2009\u2019un En \u0130yi \u00dcretici \u00d6d\u00fcl\u00fc Solares\u2019in'>2009\u2019un En \u0130yi \u00dcretici \u00d6d\u00fcl\u00fc Solares\u2019in<\/a><\/h3><span class=\"av-vertical-delimiter\"><\/span><\/header><div class=\"slide-meta\"><time class='slide-meta-time updated'  itemprop=\"datePublished\" datetime=\"2024-10-31T03:32:33+03:00\" >31\/10\/2024<\/time><\/div><div class='slide-entry-excerpt entry-content'  itemprop=\"text\" >2009 y\u0131l\u0131 i\u00e7erisinde g\u00f6stermi\u015f oldu\u011fu \u00fcst\u00fcn hizmet kalitesi\u2026<div class=\"read-more-link\"><a href=\"https:\/\/www.solares.com.tr\/en\/2009un-en-iyi-uretici-odulu-solaresin\/\" class=\"more-link\">Read more<span class='more-link-arrow avia-svg-icon avia-font-svg_entypo-fontello' data-av_svg_icon='right-open-big' data-av_iconset='svg_entypo-fontello'><svg version=\"1.1\" xmlns=\"http:\/\/www.w3.org\/2000\/svg\" width=\"15\" height=\"32\" viewBox=\"0 0 15 32\" preserveAspectRatio=\"xMidYMid meet\" role=\"graphics-symbol\" aria-hidden=\"true\">\n<path d=\"M0.416 27.84l11.456-11.84-11.456-11.904q-0.832-0.832 0-1.536 0.832-0.832 1.536 0l12.544 12.608q0.768 0.832 0 1.6l-12.544 12.608q-0.704 0.832-1.536 0-0.832-0.704 0-1.536z\"><\/path>\n<\/svg><\/span><\/a><\/div><\/div><\/div><footer class=\"entry-footer\"><\/footer><span class='hidden'>\n\t\t\t\t<span class='av-structured-data'  itemprop=\"image\" itemscope=\"itemscope\" itemtype=\"https:\/\/schema.org\/ImageObject\" >\n\t\t\t\t\t\t<span itemprop='url'>https:\/\/www.solares.com.tr\/en\/wp-content\/uploads\/2024\/10\/logo-novonordisk.gif<\/span>\n\t\t\t\t\t\t<span itemprop='height'>700<\/span>\n\t\t\t\t\t\t<span itemprop='width'>700<\/span>\n\t\t\t\t<\/span>\n\t\t\t\t<span class='av-structured-data'  itemprop=\"publisher\" itemtype=\"https:\/\/schema.org\/Organization\" itemscope=\"itemscope\" >\n\t\t\t\t\t\t<span itemprop='name'>solares<\/span>\n\t\t\t\t\t\t<span itemprop='logo' itemscope itemtype='https:\/\/schema.org\/ImageObject'>\n\t\t\t\t\t\t\t<span itemprop='url'>https:\/\/www.solares.com.tr\/wp-content\/uploads\/2024\/10\/solares-logo.png<\/span>\n\t\t\t\t\t\t<\/span>\n\t\t\t\t<\/span><span class='av-structured-data'  itemprop=\"author\" itemscope=\"itemscope\" itemtype=\"https:\/\/schema.org\/Person\" ><span itemprop='name'>solares<\/span><\/span><span class='av-structured-data'  itemprop=\"datePublished\" datetime=\"2024-10-28T17:28:48+03:00\" >2024-10-31 03:32:33<\/span><span class='av-structured-data'  itemprop=\"dateModified\" itemtype=\"https:\/\/schema.org\/dateModified\" >2024-10-31 03:41:38<\/span><span class='av-structured-data'  itemprop=\"mainEntityOfPage\" itemtype=\"https:\/\/schema.org\/mainEntityOfPage\" ><span itemprop='name'>2009\u2019un En \u0130yi \u00dcretici \u00d6d\u00fcl\u00fc Solares\u2019in<\/span><\/span><\/span><\/article><\/div><\/div><\/div><\/div>\n\n","protected":false},"excerpt":{"rendered":"","protected":false},"author":1,"featured_media":0,"parent":0,"menu_order":6,"comment_status":"closed","ping_status":"closed","template":"","meta":{"footnotes":""},"class_list":["post-24","page","type-page","status-publish","hentry"],"_links":{"self":[{"href":"https:\/\/www.solares.com.tr\/en\/wp-json\/wp\/v2\/pages\/24","targetHints":{"allow":["GET"]}}],"collection":[{"href":"https:\/\/www.solares.com.tr\/en\/wp-json\/wp\/v2\/pages"}],"about":[{"href":"https:\/\/www.solares.com.tr\/en\/wp-json\/wp\/v2\/types\/page"}],"author":[{"embeddable":true,"href":"https:\/\/www.solares.com.tr\/en\/wp-json\/wp\/v2\/users\/1"}],"replies":[{"embeddable":true,"href":"https:\/\/www.solares.com.tr\/en\/wp-json\/wp\/v2\/comments?post=24"}],"version-history":[{"count":0,"href":"https:\/\/www.solares.com.tr\/en\/wp-json\/wp\/v2\/pages\/24\/revisions"}],"wp:attachment":[{"href":"https:\/\/www.solares.com.tr\/en\/wp-json\/wp\/v2\/media?parent=24"}],"curies":[{"name":"wp","href":"https:\/\/api.w.org\/{rel}","templated":true}]}}